{"id":26,"date":"2015-02-13T14:01:41","date_gmt":"2015-02-13T14:01:41","guid":{"rendered":"https:\/\/www.quiltframe.nl\/?page_id=26"},"modified":"2021-10-05T11:29:04","modified_gmt":"2021-10-05T10:29:04","slug":"hoe-werkt-het","status":"publish","type":"page","link":"https:\/\/www.quiltframe.nl\/?page_id=26","title":{"rendered":"Hoe werkt het"},"content":{"rendered":"<p>Dit eenvoudig in elkaar te zetten en te demonteren frame is makkelijk in het gebruik en simpel op te bergen in de bijgeleverde kofferdoos.<\/p>\n<p>Wanneer u een quilt wilt opspannen en dubbelen ofwel sandwichen, zet u het quiltframe in elkaar zodat u een tafel krijgt waaraan het makkelijk werken is op de juiste werkhoogte (80 cm).<\/p>\n<p><a href=\"https:\/\/www.quiltframe.nl\/wp-content\/uploads\/2015\/02\/floorframe-zonde-tussenstang-internet-klein.jpg\"><img loading=\"lazy\" decoding=\"async\" class=\"alignnone wp-image-260\" src=\"https:\/\/www.quiltframe.nl\/wp-content\/uploads\/2015\/02\/floorframe-zonde-tussenstang-internet-klein-265x300.jpg\" alt=\"floorframe zonde tussenstang internet klein\" width=\"130\" height=\"147\" srcset=\"https:\/\/www.quiltframe.nl\/wp-content\/uploads\/2015\/02\/floorframe-zonde-tussenstang-internet-klein-265x300.jpg 265w, https:\/\/www.quiltframe.nl\/wp-content\/uploads\/2015\/02\/floorframe-zonde-tussenstang-internet-klein-904x1024.jpg 904w, https:\/\/www.quiltframe.nl\/wp-content\/uploads\/2015\/02\/floorframe-zonde-tussenstang-internet-klein.jpg 1200w\" sizes=\"(max-width: 130px) 100vw, 130px\" \/><\/a><\/p>\n<p>De losse delen (klemmen)\u00a0 haalt u van de bovenste leggers.<\/p>\n<p><a href=\"https:\/\/www.quiltframe.nl\/wp-content\/uploads\/2015\/03\/5.jpg\"><img loading=\"lazy\" decoding=\"async\" class=\"alignnone size-full wp-image-77\" src=\"https:\/\/www.quiltframe.nl\/wp-content\/uploads\/2015\/03\/5.jpg\" alt=\"5\" width=\"212\" height=\"141\" \/><\/a><\/p>\n<p>Leg de drie lagen van de quilt goed op elkaar. Dit kan op de grond, op tafel of direct op het quiltframe. Zorg dat de lagen recht op elkaar liggen. Kleinere quilts kunt u makkelijk alleen doen, voor grote quilts hebt u, uitsluitend hierbij, misschien even hulp nodig.<\/p>\n<p><a href=\"https:\/\/www.quiltframe.nl\/wp-content\/uploads\/2015\/03\/6.jpg\"><img loading=\"lazy\" decoding=\"async\" class=\"alignnone size-full wp-image-78\" src=\"https:\/\/www.quiltframe.nl\/wp-content\/uploads\/2015\/03\/6.jpg\" alt=\"6\" width=\"336\" height=\"224\" srcset=\"https:\/\/www.quiltframe.nl\/wp-content\/uploads\/2015\/03\/6.jpg 336w, https:\/\/www.quiltframe.nl\/wp-content\/uploads\/2015\/03\/6-300x200.jpg 300w\" sizes=\"(max-width: 336px) 100vw, 336px\" \/><\/a><\/p>\n<p>Pak de drie lagen op en leg deze op het quiltframe met het midden van de quilt op de quilttafel.<br \/>\nPlaats de losse klemmen \u00e9\u00e9n voor \u00e9\u00e9n op de quilt over de randen van het frame, waarbij u de tegenover elkaar liggende klemmen tegelijk even naar buiten draait.\u00a0 Hiermee trekt u de quilt goed strak op de tafel.<br \/>\nVoel aan de onderkant of ook deze goed strak zit.\u00a0 Zo niet, dan zet u de klem opnieuw vast terwijl u de lagen iets strakker trekt.<\/p>\n<p><a href=\"https:\/\/www.quiltframe.nl\/wp-content\/uploads\/2015\/03\/7.jpg\"><img loading=\"lazy\" decoding=\"async\" class=\"alignnone size-full wp-image-79\" src=\"https:\/\/www.quiltframe.nl\/wp-content\/uploads\/2015\/03\/7.jpg\" alt=\"7\" width=\"339\" height=\"226\" srcset=\"https:\/\/www.quiltframe.nl\/wp-content\/uploads\/2015\/03\/7.jpg 339w, https:\/\/www.quiltframe.nl\/wp-content\/uploads\/2015\/03\/7-300x200.jpg 300w\" sizes=\"(max-width: 339px) 100vw, 339px\" \/><\/a><\/p>\n<p>Rijg of speld nu de drie lagen van uw quilt op elkaar. N\u00f3g sneller en makkelijk gaat dit met de Micro Stitch Basting Gun of Tacker. Dit is een soort nietmachine die hiervoor via onze website te koop is. Met piepkleine plastic nietjes worden hiermee de drie lagen aan elkaar gehecht. Doordat het frame geen bovenblad heeft gaat dit gemakkelijk en vooral zeer snel. (ca 30 &#8211; 40 minuten voor een quilt van 2 x 2 meter!).<br \/>\nIedere keer als het stuk van uw quilt dat op het frame ligt klaar is, verwijdert u de klemmen, trekt de quilt een stuk verder over het frame en zet deze weer vast tot u op deze manier de hele quilt gedubbeld hebt.<\/p>\n<p>Naast het opspannen en rijgen van uw quilt, kunt u het Q-snap floorframe ook gebruiken om aan te handquilten. Hiervoor heeft u de Tiltkit nodig, de pootjes waarmee u het frame schuin kunt zetten, als een soort lessenaar. U werkt dan vooral langs de randen van het frame en trekt de quilt vaker een stukje verder.<\/p>\n<p>De maat van de tafel is 97 x 70 x 80 (l x b x h) en uit elkaar gehaald in de doos slechts 87 x 10 x 27 cm.<br \/>\nOm de buizen nog makkelijker op te bergen kunt u ook zelf een eenvoudige opbergzak of -tas naaien.<\/p>\n<p>Hieronder een instructiefilmpje over het gebruiksgemak van het Q-snapfloor frame.<\/p>\n<div style=\"width: 584px;\" class=\"wp-video\"><!--[if lt IE 9]><script>document.createElement('video');<\/script><![endif]-->\n<video class=\"wp-video-shortcode\" id=\"video-26-1\" width=\"584\" height=\"329\" preload=\"metadata\" controls=\"controls\"><source type=\"video\/mp4\" src=\"https:\/\/www.quiltframe.nl\/wp-content\/uploads\/2019\/07\/Athmosphere.mp4?_=1\" \/><a href=\"https:\/\/www.quiltframe.nl\/wp-content\/uploads\/2019\/07\/Athmosphere.mp4\">https:\/\/www.quiltframe.nl\/wp-content\/uploads\/2019\/07\/Athmosphere.mp4<\/a><\/video><\/div>\n","protected":false},"excerpt":{"rendered":"<p>Dit eenvoudig in elkaar te zetten en te demonteren frame is makkelijk in het gebruik en simpel op te bergen in de bijgeleverde kofferdoos. Wanneer u een quilt wilt opspannen en dubbelen ofwel sandwichen, zet u het quiltframe in elkaar &hellip; <a href=\"https:\/\/www.quiltframe.nl\/?page_id=26\">Lees verder <span class=\"meta-nav\">&rarr;<\/span><\/a><\/p>\n","protected":false},"author":1,"featured_media":0,"parent":0,"menu_order":0,"comment_status":"closed","ping_status":"closed","template":"","meta":{"footnotes":""},"_links":{"self":[{"href":"https:\/\/www.quiltframe.nl\/index.php?rest_route=\/wp\/v2\/pages\/26"}],"collection":[{"href":"https:\/\/www.quiltframe.nl\/index.php?rest_route=\/wp\/v2\/pages"}],"about":[{"href":"https:\/\/www.quiltframe.nl\/index.php?rest_route=\/wp\/v2\/types\/page"}],"author":[{"embeddable":true,"href":"https:\/\/www.quiltframe.nl\/index.php?rest_route=\/wp\/v2\/users\/1"}],"replies":[{"embeddable":true,"href":"https:\/\/www.quiltframe.nl\/index.php?rest_route=%2Fwp%2Fv2%2Fcomments&post=26"}],"version-history":[{"count":14,"href":"https:\/\/www.quiltframe.nl\/index.php?rest_route=\/wp\/v2\/pages\/26\/revisions"}],"predecessor-version":[{"id":1170,"href":"https:\/\/www.quiltframe.nl\/index.php?rest_route=\/wp\/v2\/pages\/26\/revisions\/1170"}],"wp:attachment":[{"href":"https:\/\/www.quiltframe.nl\/index.php?rest_route=%2Fwp%2Fv2%2Fmedia&parent=26"}],"curies":[{"name":"wp","href":"https:\/\/api.w.org\/{rel}","templated":true}]}}